{"id":163,"date":"2024-04-09T09:12:32","date_gmt":"2024-04-09T09:12:32","guid":{"rendered":"https:\/\/pflanzundstein.de\/?page_id=163"},"modified":"2024-04-09T11:16:11","modified_gmt":"2024-04-09T11:16:11","slug":"leistungen","status":"publish","type":"page","link":"https:\/\/pflanzundstein.de\/index.php\/leistungen\/","title":{"rendered":"Leistungen"},"content":{"rendered":"\n<h2 class=\"wp-block-heading\">Beratung \/ Inspiration<\/h2>\n\n\n\n<p>Bei einem Termin am Ort des Geschehens lernen wir uns kennen und ergr\u00fcnden Ihre Vorstellungen. Gerne erg\u00e4nzen wir Ihre Ideen mit L\u00f6sungen und inspirierenden Erg\u00e4nzungen. Dabei achten wir sehr auf gew\u00fcnschte und zuk\u00fcnftige Nutzungen, technische sowie biologische Machbarkeit, \u00d6kologie, \u00c4sthetik, Bezahlbarkeit und Langlebigkeit.<\/p>\n\n\n\n<h2 class=\"wp-block-heading\">Planung<\/h2>\n\n\n\n<p>Die Planung Ihrer Au\u00dfenanlagen durchl\u00e4uft mehrere Schritte:<\/p>\n\n\n\n<p><strong>1. Grundlagenermittlung: <\/strong>Zuerst nehmen wir Ihre W\u00fcnsche, Ideen, Lebenssituation, m\u00f6gliche Entwicklungen auf. Nach einer genauen Betrachtung des Gel\u00e4ndes lassen Sie uns Plangrundlagen zur digitalen Weiterverarbeitung zukommen. Es wird eine Bestandsaufnahme erstellt. Eventuell sind Bodenproben vorzunehmen.<\/p>\n\n\n\n<p><strong>2. Vorentwurf M 1: 500 bis M 1: 250 :<\/strong> Der Vorentwurf ist der erste Plan und stellt die r\u00e4umliche Anordnung der verschiedenen Gartenbereiche dar. Vernetzt durch Wegefl\u00e4chen, H\u00f6hen\u00fcberbr\u00fcckungen werden Ihre gew\u00fcnschten Nutzungen in das Gel\u00e4nde eingef\u00fcgt. Pflanzen werden exemplarisch dargestellt.<\/p>\n\n\n\n<p><strong>3. Entwurf M 1: 100 :<\/strong> Der Entwurf stellt eine genauere Definition dar. R\u00e4umliche Anordnung der Bepflanzung und Benennung der gr\u00f6\u00dferen Geh\u00f6lze, Definition der zu verwendenden Materialien, Darstellung von H\u00f6hen und Gel\u00e4ndemodellierung. Planung der Infrastruktur (Wasser, Strom, Beleuchtung, Zisterne\u2026), Be- und Entw\u00e4sserung.<\/p>\n\n\n\n<p><strong>4. Ausf\u00fchrungs- und Pflanzplanung:<\/strong> Detailplanungen zur baulichen Umsetzung, Mengen und Massenermittlungen. Genaue Definition der zu Verwendenden Pflanzenarten und -mengen der B\u00e4ume, Str\u00e4ucher und Stauden. Detail Staudenbeet.<\/p>\n\n\n\n<h2 class=\"wp-block-heading\">Garten- &amp; Landschaftsbau<\/h2>\n\n\n\n<ul class=\"wp-block-list\">\n<li>Absteck- und Vermessungsarbeiten<\/li>\n\n\n\n<li>Baggerarbeiten, Erdarbeiten, Bodenverbesserung, Gel\u00e4ndemodellierung<\/li>\n\n\n\n<li>Mauerbau, Trockenmauern in Natur- und Werkstein, Steinsetzungen, Natursteinbearbeitung<\/li>\n\n\n\n<li>Stufen- und Treppenanlagen, Eingangspodest<\/li>\n\n\n\n<li>Tragschichten f\u00fcr alle Bel\u00e4ge<\/li>\n\n\n\n<li>Einfahrten, Wege, Pl\u00e4tze und Terrassen mit Pflaster sowie Platten aus Natur- und Kunststein oder Kies, wassergebundene Wegedecke, Polygonalbel\u00e4ge, ormanentale Muster, Bau und Sanierung<\/li>\n\n\n\n<li>Einfassungen aller Art z.B. Pflasterreihe, M\u00e4hkante, Rasenkante, Beetabgrenzungen&#8230;<\/li>\n\n\n\n<li>Zaunbau: Holzz\u00e4une und T\u00fcren z.B. Staketenz\u00e4une, Sichtschutzelemente, Maschendrahtz\u00e4une etc.<\/li>\n\n\n\n<li>Holzbau: Holzterassen und Pergolen, Stege und Br\u00fccken, Rankhilfen<\/li>\n\n\n\n<li>Montage: Ausstattung z.B. Gew\u00e4chsh\u00e4user, Gartenh\u00e4user, Spielger\u00e4te, Sandk\u00e4sten, Hochbeete, M\u00fcllh\u00e4uschen\u2026<\/li>\n\n\n\n<li>Zisternen zur Regenwassernutzung und Bew\u00e4sserungssysteme<\/li>\n\n\n\n<li>Teichbau: Schwimmteich, Naturteich, Bachlauf, Wasserspiel, Quellsteine<\/li>\n\n\n\n<li>Pflanzungen: B\u00e4ume, Str\u00e4ucher, Hecken, Stauden und Zwiebelpflanzen, Kulturvorbereitung, Baumbefestigungen, Pflanzschnitt, Gie\u00dfrand, D\u00fcngung und Mulcharbeiten<\/li>\n\n\n\n<li>Rasen, Blumenwiese, Ansaat<\/li>\n\n\n\n<li>Rankhilfen f\u00fcr Fassadenbegr\u00fcnung, Spaliere<\/li>\n\n\n\n<li>Extensive und intensive Dachbegr\u00fcnung<\/li>\n<\/ul>\n\n\n\n<h2 class=\"wp-block-heading\">Gartenpflege<\/h2>\n\n\n\n<ul class=\"wp-block-list\">\n<li>Baum- und Strauchschnitte, Erhaltungs- und Verj\u00fcngungsschnitte<\/li>\n\n\n\n<li>Formschnitte Hecken, Kugeln, Pyramiden, Sonderformen<\/li>\n\n\n\n<li>Obstbaumschnitte f\u00fcr junge und veralterte B\u00e4ume<\/li>\n\n\n\n<li>biologischer Pflanzenschutz<\/li>\n\n\n\n<li>Baumf\u00e4llungen<\/li>\n\n\n\n<li>Rodearbeiten z.B. Baum- und Strauchstumpf entfernen<\/li>\n\n\n\n<li>Beetpflege Staudenbeete<\/li>\n\n\n\n<li>Unkrautbek\u00e4mpfung manuell, maschinell oder thermisch<\/li>\n\n\n\n<li>Belagsfugen erneuern, Belagsreinigung oder -sanierung<\/li>\n\n\n\n<li>Setzungen in alten Bel\u00e4gen beheben<\/li>\n\n\n\n<li>Mauersanierungen<\/li>\n<\/ul>\n\n\n\n<div class=\"wp-block-group alignfull has-global-padding is-layout-constrained wp-container-core-group-is-layout-d89aad35 wp-block-group-is-layout-constrained\" style=\"margin-top:0;margin-bottom:0;padding-top:var(--wp--preset--spacing--50);padding-right:var(--wp--preset--spacing--50);padding-bottom:var(--wp--preset--spacing--50);padding-left:var(--wp--preset--spacing--50)\">\n<div class=\"wp-block-columns alignwide are-vertically-aligned-center is-layout-flex wp-container-core-columns-is-layout-47c06fe3 wp-block-columns-is-layout-flex\">\n<div class=\"wp-block-column is-vertically-aligned-center is-layout-flow wp-block-column-is-layout-flow\" style=\"flex-basis:50%\">\n<h2 class=\"wp-block-heading\">Sie haben Fragen?<\/h2>\n\n\n\n<p>Z\u00f6gern Sie nicht:<\/p>\n\n\n\n<div class=\"wp-block-buttons is-content-justification-left is-layout-flex wp-container-core-buttons-is-layout-fc4fd283 wp-block-buttons-is-layout-flex\">\n<div class=\"wp-block-button\"><a class=\"wp-block-button__link has-text-align-center wp-element-button\" href=\"https:\/\/pflanzundstein.de\/index.php\/kontakt\/\">Kontakt aufnehmen<\/a><\/div>\n<\/div>\n<\/div>\n\n\n\n<div class=\"wp-block-column is-vertically-aligned-center is-layout-flow wp-block-column-is-layout-flow\" style=\"flex-basis:50%\">\n<figure class=\"wp-block-image size-full is-resized is-style-rounded is-style-rounded--1\"><img loading=\"lazy\" decoding=\"async\" width=\"2560\" height=\"2560\" src=\"https:\/\/pflanzundstein.de\/wp-content\/uploads\/2024\/04\/DSC04475-edited-scaled.jpg\" alt=\"\" class=\"wp-image-204\" style=\"aspect-ratio:1.3333333333333333;object-fit:cover;width:579px;height:auto\" srcset=\"https:\/\/pflanzundstein.de\/wp-content\/uploads\/2024\/04\/DSC04475-edited-scaled.jpg 2560w, https:\/\/pflanzundstein.de\/wp-content\/uploads\/2024\/04\/DSC04475-edited-300x300.jpg 300w, https:\/\/pflanzundstein.de\/wp-content\/uploads\/2024\/04\/DSC04475-edited-1024x1024.jpg 1024w, https:\/\/pflanzundstein.de\/wp-content\/uploads\/2024\/04\/DSC04475-edited-150x150.jpg 150w, https:\/\/pflanzundstein.de\/wp-content\/uploads\/2024\/04\/DSC04475-edited-768x768.jpg 768w, https:\/\/pflanzundstein.de\/wp-content\/uploads\/2024\/04\/DSC04475-edited-1536x1536.jpg 1536w, https:\/\/pflanzundstein.de\/wp-content\/uploads\/2024\/04\/DSC04475-edited-2048x2048.jpg 2048w\" sizes=\"auto, (max-width: 2560px) 100vw, 2560px\" \/><\/figure>\n<\/div>\n<\/div>\n<\/div>\n","protected":false},"excerpt":{"rendered":"<p>Beratung \/ Inspiration Bei einem Termin am Ort des Geschehens lernen wir uns kennen und ergr\u00fcnden Ihre Vorstellungen. Gerne erg\u00e4nzen wir Ihre Ideen mit L\u00f6sungen und inspirierenden Erg\u00e4nzungen. Dabei achten wir sehr auf gew\u00fcnschte und zuk\u00fcnftige Nutzungen, technische sowie biologische Machbarkeit, \u00d6kologie, \u00c4sthetik, Bezahlbarkeit und Langlebigkeit. Planung Die Planung Ihrer Au\u00dfenanlagen durchl\u00e4uft mehrere Schritte: 1. [&hellip;]<\/p>\n","protected":false},"author":1,"featured_media":82,"parent":0,"menu_order":0,"comment_status":"closed","ping_status":"closed","template":"","meta":{"footnotes":""},"class_list":["post-163","page","type-page","status-publish","has-post-thumbnail","hentry"],"_links":{"self":[{"href":"https:\/\/pflanzundstein.de\/index.php\/wp-json\/wp\/v2\/pages\/163","targetHints":{"allow":["GET"]}}],"collection":[{"href":"https:\/\/pflanzundstein.de\/index.php\/wp-json\/wp\/v2\/pages"}],"about":[{"href":"https:\/\/pflanzundstein.de\/index.php\/wp-json\/wp\/v2\/types\/page"}],"author":[{"embeddable":true,"href":"https:\/\/pflanzundstein.de\/index.php\/wp-json\/wp\/v2\/users\/1"}],"replies":[{"embeddable":true,"href":"https:\/\/pflanzundstein.de\/index.php\/wp-json\/wp\/v2\/comments?post=163"}],"version-history":[{"count":5,"href":"https:\/\/pflanzundstein.de\/index.php\/wp-json\/wp\/v2\/pages\/163\/revisions"}],"predecessor-version":[{"id":205,"href":"https:\/\/pflanzundstein.de\/index.php\/wp-json\/wp\/v2\/pages\/163\/revisions\/205"}],"wp:featuredmedia":[{"embeddable":true,"href":"https:\/\/pflanzundstein.de\/index.php\/wp-json\/wp\/v2\/media\/82"}],"wp:attachment":[{"href":"https:\/\/pflanzundstein.de\/index.php\/wp-json\/wp\/v2\/media?parent=163"}],"curies":[{"name":"wp","href":"https:\/\/api.w.org\/{rel}","templated":true}]}}